{"id":1847,"date":"2022-07-04T14:16:18","date_gmt":"2022-07-04T12:16:18","guid":{"rendered":"https:\/\/www.chirotorino.it\/?page_id=1847"},"modified":"2022-07-04T14:34:42","modified_gmt":"2022-07-04T12:34:42","slug":"vertigine","status":"publish","type":"page","link":"https:\/\/www.chirotorino.it\/en\/vertigine\/","title":{"rendered":"Vertigine"},"content":{"rendered":"<h4 class=\"wp-block-heading\"><strong><span class=\"has-inline-color has-vivid-cyan-blue-color\">Hai le vertigini?<\/span><\/strong><\/h4>\n\n\n\n<p>Le&nbsp;vertigini sono&nbsp;improvvisi giramenti di testa: pur restando fermi si ha un&#8217;illusoria sensazione di movimento dello spazio intorno a s\u00e9 o del proprio corpo. Possono essere una sensazione devastante e debilitante. Possono darti senso di instabilit\u00e0, nausea, e in alcuni casi causare vomito.<\/p>\n\n\n\n<h4 class=\"wp-block-heading\"><strong><span class=\"has-inline-color has-vivid-cyan-blue-color\">Cosa pu\u00f2 causare le vertigini?<\/span><\/strong><\/h4>\n\n\n\n<p>Ci sono molti fattori diversi.&nbsp; Per comprendere, prima di tutto \u00e8 importante saperne un po&#8217; di pi\u00f9 sul tuo sistema nervoso.&nbsp; Fondamentalmente, il tuo cervello cerca sempre di proteggere il tuo corpo dai danni. Lo fa ricevendo informazioni da diverse parti del corpo: &nbsp;le tue orecchie, gli occhi e la colonna cervicale comunicano tutti con il tuo cervello per dirgli dove si trova la tua testa, rispetto al tuo corpo, e dove sono testa e corpo rispetto all&#8217;ambiente che ti circonda.&nbsp; Quando il tuo cervello sa dove sei, pu\u00f2 rispondere e reagire di conseguenza all&#8217;ambiente esterno per tenerti al sicuro.&nbsp; Quando queste tre parti del tuo corpo (occhi, orecchie, collo) non sono allineate nella loro comunicazione, il tuo cervello si &#8220;confonde&#8221; e provi la spiacevole sensazione di vertigine.<\/p>\n\n\n\n<h4 class=\"wp-block-heading\"><strong><span class=\"has-inline-color has-vivid-cyan-blue-color\">Come possiamo risolvere le vertigini?<\/span><\/strong><\/h4>\n\n\n\n<p>Dipende dalla causa, noi lavoriamo con il rachide cervicale e con l&#8217;orecchio.<\/p>\n\n\n\n<h4 class=\"wp-block-heading\"><strong><span class=\"has-inline-color has-vivid-cyan-blue-color\">Cervicale:<\/span><\/strong><\/h4>\n\n\n\n<p>La causa pi\u00f9 comune \u00e8 il disallineamento del rachide cervicale.&nbsp; La disfunzione della propriocezione cervicale a causa di vari problemi al collo pu\u00f2 alterare l&#8217;orientamento nello spazio e provocare una sensazione di squilibrio.&nbsp; La causa alla base delle vertigini cervicogeniche pu\u00f2 derivare da tensione muscolare, da disfunzione articolare o, nella maggior parte dei casi, da una combinazione di entrambi. Spesso le vertigini sono associate anche con fastidio al collo e alle spalle o con mal di testa.<\/p>\n\n\n\n<h4 class=\"wp-block-heading\"><strong><span class=\"has-inline-color has-vivid-cyan-blue-color\">Orecchio:<\/span><\/strong><\/h4>\n\n\n\n<p>Nel caso dell&#8217;orecchio, si parla di vertigine parossistica posizionale benigna o VPPB. \u00c8 dovuta al movimento dei cristalli intorno all&#8217;orecchio interno. Questi cristalli provengono dai tuoi organi otolitici e ti rendono sensibile alla gravit\u00e0. Possono spostarsi fuori dall&#8217;organo e in altre parti del labirinto vestibolare, alterando il tuo centro di equilibrio e facendoti venire le vertigini. Questo pu\u00f2 essere diagnosticato facilmente nel nostro studio utilizzando il test dix hallpike<br>Per aiutare a correggere la VPPB, il chiropratico pu\u00f2 utilizzare la manovra di Epley, che guida la testa in diverse posizioni per ricollocare i cristalli dentro l&#8217;orecchio interno.&nbsp; Quando questa manovra viene eseguita correttamente, sono necessarie in media solo 1-2 sedute.<\/p>\n\n\n\n<hr class=\"wp-block-separator\"\/>\n\n\n\n<p>La dottoressa Tanya \u00e8 specializzata in pazienti con vertigini, si prega di chiamare per prenotare il vostro appuntamento con lei al <a href=\"tel:320%20886%208636\">3208868636<\/a><\/p>","protected":false},"excerpt":{"rendered":"<p>Hai le vertigini? Le&nbsp;vertigini sono&nbsp;improvvisi giramenti di testa: pur restando fermi si ha un&#8217;illusoria sensazione di movimento dello spazio intorno a s\u00e9 o del proprio corpo. Possono essere una sensazione devastante e debilitante. Possono darti senso di instabilit\u00e0, nausea, e in alcuni casi causare vomito. Cosa pu\u00f2 causare le vertigini? Ci sono molti fattori diversi.&nbsp; <a href=\"https:\/\/www.chirotorino.it\/en\/vertigine\/\" rel=\"nofollow\"><span class=\"sr-only\">Read more about Vertigine<\/span>[&hellip;]<\/a><\/p>","protected":false},"author":1,"featured_media":0,"parent":0,"menu_order":0,"comment_status":"closed","ping_status":"closed","template":"","meta":{"_monsterinsights_skip_tracking":false,"_monsterinsights_sitenote_active":false,"_monsterinsights_sitenote_note":"","_monsterinsights_sitenote_category":0,"footnotes":""},"class_list":["post-1847","page","type-page","status-publish","hentry"],"yoast_head":"<!-- This site is optimized with the Yoast SEO plugin v27.4 - https:\/\/yoast.com\/product\/yoast-seo-wordpress\/ -->\n<title>Vertigine &#8212; Studio Chiropratico Optimal Living<\/title>\n<meta name=\"description\" content=\"Le vertigine sono improvvisi giramenti di testa, la causa pu\u00f2 essere dal rachide cervicale e con l&#039;orecchio. Noi trattiamo entrambi.\" \/>\n<meta name=\"robots\" content=\"index, follow, max-snippet:-1, max-image-preview:large, max-video-preview:-1\" \/>\n<link rel=\"canonical\" href=\"https:\/\/www.chirotorino.it\/en\/vertigine\/\" \/>\n<meta property=\"og:locale\" content=\"en_US\" \/>\n<meta property=\"og:type\" content=\"article\" \/>\n<meta property=\"og:title\" content=\"Vertigine &#8212; Studio Chiropratico Optimal Living\" \/>\n<meta property=\"og:description\" content=\"Le vertigine sono improvvisi giramenti di testa, la causa pu\u00f2 essere dal rachide cervicale e con l&#039;orecchio. Noi trattiamo entrambi.\" \/>\n<meta property=\"og:url\" content=\"https:\/\/www.chirotorino.it\/en\/vertigine\/\" \/>\n<meta property=\"og:site_name\" content=\"Studio Chiropratico Optimal Living\" \/>\n<meta property=\"article:publisher\" content=\"https:\/\/www.facebook.com\/chirotorino\" \/>\n<meta property=\"article:modified_time\" content=\"2022-07-04T12:34:42+00:00\" \/>\n<meta property=\"og:image\" content=\"http:\/\/chirotorino.it\/wp-content\/uploads\/2016\/01\/Screen-Shot-2016-01-04-at-5.05.33-PM.png\" \/>\n<meta name=\"twitter:card\" content=\"summary_large_image\" \/>\n<meta name=\"twitter:site\" content=\"@living_optimal\" \/>\n<meta name=\"twitter:label1\" content=\"Est. reading time\" \/>\n\t<meta name=\"twitter:data1\" content=\"2 minutes\" \/>\n<script type=\"application\/ld+json\" class=\"yoast-schema-graph\">{\"@context\":\"https:\\\/\\\/schema.org\",\"@graph\":[{\"@type\":\"WebPage\",\"@id\":\"https:\\\/\\\/www.chirotorino.it\\\/vertigine\\\/\",\"url\":\"https:\\\/\\\/www.chirotorino.it\\\/vertigine\\\/\",\"name\":\"Vertigine &#8212; Studio Chiropratico Optimal Living\",\"isPartOf\":{\"@id\":\"https:\\\/\\\/www.chirotorino.it\\\/#website\"},\"datePublished\":\"2022-07-04T12:16:18+00:00\",\"dateModified\":\"2022-07-04T12:34:42+00:00\",\"description\":\"Le vertigine sono improvvisi giramenti di testa, la causa pu\u00f2 essere dal rachide cervicale e con l'orecchio. Noi trattiamo entrambi.\",\"breadcrumb\":{\"@id\":\"https:\\\/\\\/www.chirotorino.it\\\/vertigine\\\/#breadcrumb\"},\"inLanguage\":\"en-US\",\"potentialAction\":[{\"@type\":\"ReadAction\",\"target\":[\"https:\\\/\\\/www.chirotorino.it\\\/vertigine\\\/\"]}]},{\"@type\":\"BreadcrumbList\",\"@id\":\"https:\\\/\\\/www.chirotorino.it\\\/vertigine\\\/#breadcrumb\",\"itemListElement\":[{\"@type\":\"ListItem\",\"position\":1,\"name\":\"Home\",\"item\":\"https:\\\/\\\/www.chirotorino.it\\\/\"},{\"@type\":\"ListItem\",\"position\":2,\"name\":\"Vertigine\"}]},{\"@type\":\"WebSite\",\"@id\":\"https:\\\/\\\/www.chirotorino.it\\\/#website\",\"url\":\"https:\\\/\\\/www.chirotorino.it\\\/\",\"name\":\"Studio Chiropratico Optimal Living\",\"description\":\"Specialisti Colonna Vertebrale\",\"publisher\":{\"@id\":\"https:\\\/\\\/www.chirotorino.it\\\/#organization\"},\"potentialAction\":[{\"@type\":\"SearchAction\",\"target\":{\"@type\":\"EntryPoint\",\"urlTemplate\":\"https:\\\/\\\/www.chirotorino.it\\\/?s={search_term_string}\"},\"query-input\":{\"@type\":\"PropertyValueSpecification\",\"valueRequired\":true,\"valueName\":\"search_term_string\"}}],\"inLanguage\":\"en-US\"},{\"@type\":\"Organization\",\"@id\":\"https:\\\/\\\/www.chirotorino.it\\\/#organization\",\"name\":\"Optimal Living Centro Chiropratico\",\"url\":\"https:\\\/\\\/www.chirotorino.it\\\/\",\"logo\":{\"@type\":\"ImageObject\",\"inLanguage\":\"en-US\",\"@id\":\"https:\\\/\\\/www.chirotorino.it\\\/#\\\/schema\\\/logo\\\/image\\\/\",\"url\":\"https:\\\/\\\/www.chirotorino.it\\\/wp-content\\\/uploads\\\/2017\\\/02\\\/Screen-Shot-2017-02-02-at-3.08.11-PM.png\",\"contentUrl\":\"https:\\\/\\\/www.chirotorino.it\\\/wp-content\\\/uploads\\\/2017\\\/02\\\/Screen-Shot-2017-02-02-at-3.08.11-PM.png\",\"width\":501,\"height\":550,\"caption\":\"Optimal Living Centro Chiropratico\"},\"image\":{\"@id\":\"https:\\\/\\\/www.chirotorino.it\\\/#\\\/schema\\\/logo\\\/image\\\/\"},\"sameAs\":[\"https:\\\/\\\/www.facebook.com\\\/chirotorino\",\"https:\\\/\\\/x.com\\\/living_optimal\",\"https:\\\/\\\/www.instagram.com\\\/optimal.living\\\/\",\"https:\\\/\\\/www.linkedin.com\\\/company\\\/centro-chiropratico-optimal-living\",\"https:\\\/\\\/www.youtube.com\\\/channel\\\/UCc6GTI2vnvYae4fT82wRapw\"]}]}<\/script>\n<!-- \/ Yoast SEO plugin. -->","yoast_head_json":{"title":"Vertigine &#8212; Studio Chiropratico Optimal Living","description":"Le vertigine sono improvvisi giramenti di testa, la causa pu\u00f2 essere dal rachide cervicale e con l'orecchio. Noi trattiamo entrambi.","robots":{"index":"index","follow":"follow","max-snippet":"max-snippet:-1","max-image-preview":"max-image-preview:large","max-video-preview":"max-video-preview:-1"},"canonical":"https:\/\/www.chirotorino.it\/en\/vertigine\/","og_locale":"en_US","og_type":"article","og_title":"Vertigine &#8212; Studio Chiropratico Optimal Living","og_description":"Le vertigine sono improvvisi giramenti di testa, la causa pu\u00f2 essere dal rachide cervicale e con l'orecchio. Noi trattiamo entrambi.","og_url":"https:\/\/www.chirotorino.it\/en\/vertigine\/","og_site_name":"Studio Chiropratico Optimal Living","article_publisher":"https:\/\/www.facebook.com\/chirotorino","article_modified_time":"2022-07-04T12:34:42+00:00","og_image":[{"url":"http:\/\/chirotorino.it\/wp-content\/uploads\/2016\/01\/Screen-Shot-2016-01-04-at-5.05.33-PM.png","type":"","width":"","height":""}],"twitter_card":"summary_large_image","twitter_site":"@living_optimal","twitter_misc":{"Est. reading time":"2 minutes"},"schema":{"@context":"https:\/\/schema.org","@graph":[{"@type":"WebPage","@id":"https:\/\/www.chirotorino.it\/vertigine\/","url":"https:\/\/www.chirotorino.it\/vertigine\/","name":"Vertigine &#8212; Studio Chiropratico Optimal Living","isPartOf":{"@id":"https:\/\/www.chirotorino.it\/#website"},"datePublished":"2022-07-04T12:16:18+00:00","dateModified":"2022-07-04T12:34:42+00:00","description":"Le vertigine sono improvvisi giramenti di testa, la causa pu\u00f2 essere dal rachide cervicale e con l'orecchio. Noi trattiamo entrambi.","breadcrumb":{"@id":"https:\/\/www.chirotorino.it\/vertigine\/#breadcrumb"},"inLanguage":"en-US","potentialAction":[{"@type":"ReadAction","target":["https:\/\/www.chirotorino.it\/vertigine\/"]}]},{"@type":"BreadcrumbList","@id":"https:\/\/www.chirotorino.it\/vertigine\/#breadcrumb","itemListElement":[{"@type":"ListItem","position":1,"name":"Home","item":"https:\/\/www.chirotorino.it\/"},{"@type":"ListItem","position":2,"name":"Vertigine"}]},{"@type":"WebSite","@id":"https:\/\/www.chirotorino.it\/#website","url":"https:\/\/www.chirotorino.it\/","name":"Studio Chiropratico Optimal Living","description":"Specialisti Colonna Vertebrale","publisher":{"@id":"https:\/\/www.chirotorino.it\/#organization"},"potentialAction":[{"@type":"SearchAction","target":{"@type":"EntryPoint","urlTemplate":"https:\/\/www.chirotorino.it\/?s={search_term_string}"},"query-input":{"@type":"PropertyValueSpecification","valueRequired":true,"valueName":"search_term_string"}}],"inLanguage":"en-US"},{"@type":"Organization","@id":"https:\/\/www.chirotorino.it\/#organization","name":"Optimal Living Centro Chiropratico","url":"https:\/\/www.chirotorino.it\/","logo":{"@type":"ImageObject","inLanguage":"en-US","@id":"https:\/\/www.chirotorino.it\/#\/schema\/logo\/image\/","url":"https:\/\/www.chirotorino.it\/wp-content\/uploads\/2017\/02\/Screen-Shot-2017-02-02-at-3.08.11-PM.png","contentUrl":"https:\/\/www.chirotorino.it\/wp-content\/uploads\/2017\/02\/Screen-Shot-2017-02-02-at-3.08.11-PM.png","width":501,"height":550,"caption":"Optimal Living Centro Chiropratico"},"image":{"@id":"https:\/\/www.chirotorino.it\/#\/schema\/logo\/image\/"},"sameAs":["https:\/\/www.facebook.com\/chirotorino","https:\/\/x.com\/living_optimal","https:\/\/www.instagram.com\/optimal.living\/","https:\/\/www.linkedin.com\/company\/centro-chiropratico-optimal-living","https:\/\/www.youtube.com\/channel\/UCc6GTI2vnvYae4fT82wRapw"]}]}},"_links":{"self":[{"href":"https:\/\/www.chirotorino.it\/en\/wp-json\/wp\/v2\/pages\/1847","targetHints":{"allow":["GET"]}}],"collection":[{"href":"https:\/\/www.chirotorino.it\/en\/wp-json\/wp\/v2\/pages"}],"about":[{"href":"https:\/\/www.chirotorino.it\/en\/wp-json\/wp\/v2\/types\/page"}],"author":[{"embeddable":true,"href":"https:\/\/www.chirotorino.it\/en\/wp-json\/wp\/v2\/users\/1"}],"replies":[{"embeddable":true,"href":"https:\/\/www.chirotorino.it\/en\/wp-json\/wp\/v2\/comments?post=1847"}],"version-history":[{"count":4,"href":"https:\/\/www.chirotorino.it\/en\/wp-json\/wp\/v2\/pages\/1847\/revisions"}],"predecessor-version":[{"id":1856,"href":"https:\/\/www.chirotorino.it\/en\/wp-json\/wp\/v2\/pages\/1847\/revisions\/1856"}],"wp:attachment":[{"href":"https:\/\/www.chirotorino.it\/en\/wp-json\/wp\/v2\/media?parent=1847"}],"curies":[{"name":"wp","href":"https:\/\/api.w.org\/{rel}","templated":true}]}}