{"id":590,"date":"2017-12-18T12:05:26","date_gmt":"2017-12-18T11:05:26","guid":{"rendered":"http:\/\/chirotorino.it\/?page_id=590"},"modified":"2025-11-12T20:32:18","modified_gmt":"2025-11-12T19:32:18","slug":"mal-di-testa","status":"publish","type":"page","link":"https:\/\/www.chirotorino.it\/en\/mal-di-testa\/","title":{"rendered":"Mal di testa, e emicrania"},"content":{"rendered":"<h2><span style=\"font-family: helvetica, arial, sans-serif;\">Mal di testa<\/span><\/h2>\n<h3><span style=\"font-size: 12pt;\"><strong><span style=\"font-family: helvetica, arial, sans-serif;\">Il mal di testa pu\u00f2 essere comune, ma ci\u00f2 non significa che il mal di testa sia normale!<\/span><\/strong><\/span><\/h3>\n<p><span style=\"font-weight: 400; font-family: helvetica, arial, sans-serif;\">Le probabilit\u00e0 sono, dal momento che sei su questa pagina, che hai familiarit\u00e0 con i sintomi pi\u00f9 comuni del mal di testa: dolore acuto, sensibilit\u00e0 alla luce, nausea o vomito.<\/span><\/p>\n<p><span style=\"font-weight: 400; font-family: helvetica, arial, sans-serif;\">Le emicranie possono essere innescate da numerosi fattori come stress, luce eccessiva o suono, stanchezza, fame, dieta, cambiamenti ormonali, cambiamenti climatici, caffeina, fumo di sigaretta, trauma cranico, movimenti del collo e persino l&#8217;uso di un cuscino sottile.<\/span><\/p>\n<p><span style=\"font-weight: 400; font-family: helvetica, arial, sans-serif;\">\u00c8 tuttavia importante capire che questi &#8220;fattori scatenanti&#8221; non causano mal di testa ed emicranie.<\/span><\/p>\n<p><span style=\"font-weight: 400; font-family: helvetica, arial, sans-serif;\">Il Dr. Seymour Diamond, direttore esecutivo della National Headache Foundation, ha annunciato che le nuove tecniche di imaging ora consentono ai ricercatori di identificare ci\u00f2 che ritengono causa emicrania: malfunzionamento del tronco cerebrale.<\/span><\/p>\n<p><span style=\"font-weight: 400; font-family: helvetica, arial, sans-serif;\">Il malfunzionamento del tronco cerebrale (situato vicino alla parte superiore del collo) aumenta la congestione dei vasi sanguigni intorno al cervello, con conseguente conseguente reazione a catena che causa un mal di testa emicranico.<\/span><\/p>\n<h3><span style=\"font-family: helvetica, arial, sans-serif;\">Trattamenti comuni<\/span><\/h3>\n<p><img loading=\"lazy\" decoding=\"async\" class=\"wp-image-581 alignleft\" style=\"font-family: helvetica, arial, sans-serif;\" src=\"http:\/\/chirotorino.it\/wp-content\/uploads\/2017\/12\/homeopathy-1063292_1920-300x236.jpg\" alt=\"headache remedy\" width=\"326\" height=\"257\" srcset=\"https:\/\/www.chirotorino.it\/wp-content\/uploads\/2017\/12\/homeopathy-1063292_1920-300x236.jpg 300w, https:\/\/www.chirotorino.it\/wp-content\/uploads\/2017\/12\/homeopathy-1063292_1920-768x604.jpg 768w, https:\/\/www.chirotorino.it\/wp-content\/uploads\/2017\/12\/homeopathy-1063292_1920-1024x806.jpg 1024w, https:\/\/www.chirotorino.it\/wp-content\/uploads\/2017\/12\/homeopathy-1063292_1920.jpg 1920w\" sizes=\"auto, (max-width: 326px) 100vw, 326px\" \/><\/p>\n<p><span style=\"font-weight: 400; font-family: helvetica, arial, sans-serif;\">Qual \u00e8 la prima cosa che senti se qualcuno dice di avere mal di testa? Tutti vogliono dare il proprio aiuto, ma l&#8217;unico modo in cui sanno come offrirlo \u00e8 con qualche farmaco o antidolorifico. Abbiamo molte persone che arrivano e dicono: &#8220;oh s\u00ec, ho mal di testa una volta alla settimana, ma non \u00e8 un grosso problema, prendo solo un Tylenol&#8221;. E s\u00ec, questo fa s\u00ec che il mal di testa scompaia in modo efficace e tu possa andare avanti con il tuo giorno.<\/span><\/p>\n<p><span style=\"font-weight: 400; font-family: helvetica, arial, sans-serif;\">Ma una pillola potrebbe non essere sufficiente, e hai bisogno di un dosaggio maggiore per lo stesso effetto, o di prescrizioni di farmaci. Col tempo, anche l&#8217;efficacia di questi diminuisce.<\/span><\/p>\n<p><span style=\"font-weight: 400; font-family: helvetica, arial, sans-serif;\">&#8220;Oh, non prendo i farmaci, uso solo prodotti naturali.&#8221; Fantastico! Quelli tendono ad essere pi\u00f9 facili sui tuoi organi e meno avvincenti. Ma in sostanza non \u00e8 molto diverso se prendi erbe o rimedi naturali. Alla fine della giornata, l&#8217;effetto \u00e8 lo stesso.<\/span><\/p>\n<p><span style=\"font-weight: 400; font-family: helvetica, arial, sans-serif;\">Mascherano il sintomo. E, prima che tu te ne renda conto, i tuoi mal di testa diventano sempre pi\u00f9 frequenti, o pi\u00f9 intensi.<\/span><\/p>\n<p><span style=\"font-weight: 400; font-family: helvetica, arial, sans-serif;\">Sia che tu usi qualcosa di naturale, farmaceutico o eviti cibi che scatenano il mal di testa, si tratta comunque di fattori esterni. Perch\u00e9 non aiutare il tuo corpo a guarire veramente? Quando il tuo corpo lavora in equilibrio, non devi spendere tanto tempo e denaro per gli anni a venire.<\/span><\/p>\n<h3><span style=\"font-family: helvetica, arial, sans-serif;\">Perch\u00e9 il tuo corpo crea questo dolore debilitante nella tua testa?<\/span><\/h3>\n<p><span style=\"font-family: helvetica, arial, sans-serif;\"><img loading=\"lazy\" decoding=\"async\" class=\"alignright wp-image-575\" src=\"http:\/\/chirotorino.it\/wp-content\/uploads\/2017\/12\/woman-2609115_1920-300x200.jpg\" alt=\"headache\" width=\"408\" height=\"272\" srcset=\"https:\/\/www.chirotorino.it\/wp-content\/uploads\/2017\/12\/woman-2609115_1920-300x200.jpg 300w, https:\/\/www.chirotorino.it\/wp-content\/uploads\/2017\/12\/woman-2609115_1920-768x512.jpg 768w, https:\/\/www.chirotorino.it\/wp-content\/uploads\/2017\/12\/woman-2609115_1920-1024x683.jpg 1024w, https:\/\/www.chirotorino.it\/wp-content\/uploads\/2017\/12\/woman-2609115_1920-750x500.jpg 750w, https:\/\/www.chirotorino.it\/wp-content\/uploads\/2017\/12\/woman-2609115_1920.jpg 1920w\" sizes=\"auto, (max-width: 408px) 100vw, 408px\" \/><\/span><\/p>\n<p><span style=\"font-family: helvetica, arial, sans-serif;\"><span style=\"font-weight: 400;\">Innanzitutto, e soprattutto, \u00e8 importante rendersi conto\u00a0<\/span><span style=\"line-height: 1.5;\">che\u00a0<\/span><span style=\"line-height: 1.5;\">se il tuo corpo sta creando una sorta di sintomo, che si tratti di dolore, vertigini, nausea o stanchezza, c&#8217;\u00e8 una ragione. Il tuo corpo ti sta dicendo che qualcosa non va. Prendere un antidolorifico \u00e8 come spegnere un allarme antincendio e non controllare dove sia il fuoco!<\/span><\/span><\/p>\n<p><span style=\"font-weight: 400; font-family: helvetica, arial, sans-serif;\">&#8220;Ma dottore, cosa ha a che fare il collo con il mio mal di testa? Non ho dolore al collo. &#8220;<\/span><\/p>\n<p><span style=\"font-family: helvetica, arial, sans-serif;\"><span style=\"font-weight: 400;\">La maggior parte dei muscoli responsabili dei movimenti della testa,\u00a0<\/span><span style=\"line-height: 1.5;\">iniziano nella parte superiore della schiena o del collo e si attaccano al cranio.<\/span><\/span><\/p>\n<p><span style=\"font-weight: 400; font-family: helvetica, arial, sans-serif;\">Quando si ha una sorta di stress fisico o emotivo, si crea tensione nel proprio corpo. Questo pu\u00f2 includere articolazioni, muscoli e fascia cervicale che circondano i nervi.<\/span><\/p>\n<p><span style=\"font-weight: 400; font-family: helvetica, arial, sans-serif;\">I nervi sono la parte pi\u00f9 importante da considerare, poich\u00e9 sono come il cervello che controlla tutto il resto. Quando i nervi sono compressi, anche molto leggermente, la comunicazione \u00e8 diminuita. Di conseguenza, non sei pi\u00f9 in equilibrio: i muscoli possono essere iperattivi o non attivi da un lato; le articolazioni possono essere bloccate, la tiroide pu\u00f2 essere stimolata in difetto o in eccesso, ecc&#8230; Il tuo corpo pu\u00f2 comunicarlo al tuo cervello in vari modi, ad esempio: un dolore palpitante o intenso nella parte posteriore della testa o un lato intorno all&#8217;occhio o un mal di testa generalizzato.<\/span><\/p>\n<p><span style=\"line-height: 1.5; font-family: helvetica, arial, sans-serif;\">Quando copri questi sintomi con un antidolorifico, o non risolvi la tensione e la compressione del nervo, la tensione continua ad accumularsi ed \u00e8 cos\u00ec che mal di testa o emicrania diventano cronici o pi\u00f9 frequenti.<\/span><\/p>\n<h3><span style=\"font-family: helvetica, arial, sans-serif;\">La chiropratica pu\u00f2 aiutare con mal di testa ed emicranie<\/span><\/h3>\n<p><span style=\"font-family: helvetica, arial, sans-serif;\"><img loading=\"lazy\" decoding=\"async\" class=\"alignright wp-image-582\" src=\"http:\/\/chirotorino.it\/wp-content\/uploads\/2017\/12\/flower-1290639_1920-300x200.jpg\" alt=\"cervical\" width=\"364\" height=\"242\" \/><\/span><\/p>\n<p><span style=\"font-family: helvetica, arial, sans-serif;\"><span style=\"font-weight: 400;\">I chiropratici sono medici altamente specializzati nella cura\u00a0<\/span><span style=\"font-weight: 400;\">della colonna vertebrale e del sistema nervoso.<\/span><\/span><\/p>\n<p><span style=\"font-weight: 400; font-family: helvetica, arial, sans-serif;\">I chiropratici hanno aiutato i pazienti affetti da mal di testa cervicale ed emicranie per oltre cento anni. I risultati della correzione specifica di uno spostamento cervicale sono cos\u00ec fenomenali che la maggior parte dei pazienti mostra un&#8217;eliminazione o un miglioramento significativo sia della gravit\u00e0 che della frequenza di emicranie e mal di testa. Recentemente, con l&#8217;aumento dello stress emotivo di cui i bambini soffrono, oltre allo stress fisico della postura tecnologica, c&#8217;\u00e8 stato un aumento dei bambini che soffrono di mal di testa.<\/span><\/p>\n<p><span style=\"line-height: 1.5; font-family: helvetica, arial, sans-serif;\">La chiropratica \u00e8 efficace per uomini, donne e bambini.<\/span><\/p>\n<p><span style=\"font-weight: 400; font-family: helvetica, arial, sans-serif;\">Qual \u00e8 il tuo limite? Quanto intensi o frequenti fanno i mal di testa per ottenere per voi di agire?<\/span><\/p>\n<p><span style=\"font-weight: 400; font-family: helvetica, arial, sans-serif;\">Se sei pronto a trasformare la tua salute, ti preghiamo di prenotare una visita chiamando il numero <a href=\"tel:320%20886%208636\">320.886.86.36<\/a>, o <a href=\"https:\/\/calendar.app.google\/vJyZMWdtue5ktFoi8\">cliccando qui.<\/a><\/span><\/p>\n<h3><\/h3>","protected":false},"excerpt":{"rendered":"<p>Mal di testa Il mal di testa pu\u00f2 essere comune, ma ci\u00f2 non significa che il mal di testa sia normale! Le probabilit\u00e0 sono, dal momento che sei su questa pagina, che hai familiarit\u00e0 con i sintomi pi\u00f9 comuni del mal di testa: dolore acuto, sensibilit\u00e0 alla luce, nausea o vomito. Le emicranie possono essere <a href=\"https:\/\/www.chirotorino.it\/en\/mal-di-testa\/\" rel=\"nofollow\"><span class=\"sr-only\">Read more about Mal di testa, e emicrania<\/span>[&hellip;]<\/a><\/p>","protected":false},"author":1,"featured_media":0,"parent":0,"menu_order":0,"comment_status":"closed","ping_status":"closed","template":"","meta":{"_monsterinsights_skip_tracking":false,"_monsterinsights_sitenote_active":false,"_monsterinsights_sitenote_note":"","_monsterinsights_sitenote_category":0,"footnotes":""},"class_list":["post-590","page","type-page","status-publish","hentry"],"yoast_head":"<!-- This site is optimized with the Yoast SEO plugin v27.4 - https:\/\/yoast.com\/product\/yoast-seo-wordpress\/ -->\n<title>Mal di testa e Emicrania - cause, sintomi, trattamenti comuni, e la cura<\/title>\n<meta name=\"description\" content=\"Sia che tu usi qualcosa di naturale, o farmaceutico per il mal di testa, si tratta comunque di fattori esterni. Perch\u00e9 non aiutare il tuo corpo a guarire?\" \/>\n<meta name=\"robots\" content=\"index, follow, max-snippet:-1, max-image-preview:large, max-video-preview:-1\" \/>\n<link rel=\"canonical\" href=\"https:\/\/www.chirotorino.it\/en\/mal-di-testa\/\" \/>\n<meta property=\"og:locale\" content=\"en_US\" \/>\n<meta property=\"og:type\" content=\"article\" \/>\n<meta property=\"og:title\" content=\"Mal di testa e Emicrania - cause, sintomi, trattamenti comuni, e la cura\" \/>\n<meta property=\"og:description\" content=\"Sia che tu usi qualcosa di naturale, o farmaceutico per il mal di testa, si tratta comunque di fattori esterni. Perch\u00e9 non aiutare il tuo corpo a guarire?\" \/>\n<meta property=\"og:url\" content=\"https:\/\/www.chirotorino.it\/en\/mal-di-testa\/\" \/>\n<meta property=\"og:site_name\" content=\"Studio Chiropratico Optimal Living\" \/>\n<meta property=\"article:publisher\" content=\"https:\/\/www.facebook.com\/chirotorino\" \/>\n<meta property=\"article:modified_time\" content=\"2025-11-12T19:32:18+00:00\" \/>\n<meta property=\"og:image\" content=\"https:\/\/www.chirotorino.it\/wp-content\/uploads\/2017\/12\/homeopathy-1063292_1920.jpg\" \/>\n\t<meta property=\"og:image:width\" content=\"1920\" \/>\n\t<meta property=\"og:image:height\" content=\"1511\" \/>\n\t<meta property=\"og:image:type\" content=\"image\/jpeg\" \/>\n<meta name=\"twitter:card\" content=\"summary_large_image\" \/>\n<meta name=\"twitter:site\" content=\"@living_optimal\" \/>\n<meta name=\"twitter:label1\" content=\"Est. reading time\" \/>\n\t<meta name=\"twitter:data1\" content=\"6 minutes\" \/>\n<script type=\"application\/ld+json\" class=\"yoast-schema-graph\">{\"@context\":\"https:\\\/\\\/schema.org\",\"@graph\":[{\"@type\":\"WebPage\",\"@id\":\"https:\\\/\\\/www.chirotorino.it\\\/mal-di-testa\\\/\",\"url\":\"https:\\\/\\\/www.chirotorino.it\\\/mal-di-testa\\\/\",\"name\":\"Mal di testa e Emicrania - cause, sintomi, trattamenti comuni, e la cura\",\"isPartOf\":{\"@id\":\"https:\\\/\\\/www.chirotorino.it\\\/#website\"},\"primaryImageOfPage\":{\"@id\":\"https:\\\/\\\/www.chirotorino.it\\\/mal-di-testa\\\/#primaryimage\"},\"image\":{\"@id\":\"https:\\\/\\\/www.chirotorino.it\\\/mal-di-testa\\\/#primaryimage\"},\"thumbnailUrl\":\"http:\\\/\\\/chirotorino.it\\\/wp-content\\\/uploads\\\/2017\\\/12\\\/homeopathy-1063292_1920-300x236.jpg\",\"datePublished\":\"2017-12-18T11:05:26+00:00\",\"dateModified\":\"2025-11-12T19:32:18+00:00\",\"description\":\"Sia che tu usi qualcosa di naturale, o farmaceutico per il mal di testa, si tratta comunque di fattori esterni. Perch\u00e9 non aiutare il tuo corpo a guarire?\",\"breadcrumb\":{\"@id\":\"https:\\\/\\\/www.chirotorino.it\\\/mal-di-testa\\\/#breadcrumb\"},\"inLanguage\":\"en-US\",\"potentialAction\":[{\"@type\":\"ReadAction\",\"target\":[\"https:\\\/\\\/www.chirotorino.it\\\/mal-di-testa\\\/\"]}]},{\"@type\":\"ImageObject\",\"inLanguage\":\"en-US\",\"@id\":\"https:\\\/\\\/www.chirotorino.it\\\/mal-di-testa\\\/#primaryimage\",\"url\":\"http:\\\/\\\/chirotorino.it\\\/wp-content\\\/uploads\\\/2017\\\/12\\\/homeopathy-1063292_1920-300x236.jpg\",\"contentUrl\":\"http:\\\/\\\/chirotorino.it\\\/wp-content\\\/uploads\\\/2017\\\/12\\\/homeopathy-1063292_1920-300x236.jpg\"},{\"@type\":\"BreadcrumbList\",\"@id\":\"https:\\\/\\\/www.chirotorino.it\\\/mal-di-testa\\\/#breadcrumb\",\"itemListElement\":[{\"@type\":\"ListItem\",\"position\":1,\"name\":\"Home\",\"item\":\"https:\\\/\\\/www.chirotorino.it\\\/\"},{\"@type\":\"ListItem\",\"position\":2,\"name\":\"Mal di testa, e emicrania\"}]},{\"@type\":\"WebSite\",\"@id\":\"https:\\\/\\\/www.chirotorino.it\\\/#website\",\"url\":\"https:\\\/\\\/www.chirotorino.it\\\/\",\"name\":\"Studio Chiropratico Optimal Living\",\"description\":\"Specialisti Colonna Vertebrale\",\"publisher\":{\"@id\":\"https:\\\/\\\/www.chirotorino.it\\\/#organization\"},\"potentialAction\":[{\"@type\":\"SearchAction\",\"target\":{\"@type\":\"EntryPoint\",\"urlTemplate\":\"https:\\\/\\\/www.chirotorino.it\\\/?s={search_term_string}\"},\"query-input\":{\"@type\":\"PropertyValueSpecification\",\"valueRequired\":true,\"valueName\":\"search_term_string\"}}],\"inLanguage\":\"en-US\"},{\"@type\":\"Organization\",\"@id\":\"https:\\\/\\\/www.chirotorino.it\\\/#organization\",\"name\":\"Optimal Living Centro Chiropratico\",\"url\":\"https:\\\/\\\/www.chirotorino.it\\\/\",\"logo\":{\"@type\":\"ImageObject\",\"inLanguage\":\"en-US\",\"@id\":\"https:\\\/\\\/www.chirotorino.it\\\/#\\\/schema\\\/logo\\\/image\\\/\",\"url\":\"https:\\\/\\\/www.chirotorino.it\\\/wp-content\\\/uploads\\\/2017\\\/02\\\/Screen-Shot-2017-02-02-at-3.08.11-PM.png\",\"contentUrl\":\"https:\\\/\\\/www.chirotorino.it\\\/wp-content\\\/uploads\\\/2017\\\/02\\\/Screen-Shot-2017-02-02-at-3.08.11-PM.png\",\"width\":501,\"height\":550,\"caption\":\"Optimal Living Centro Chiropratico\"},\"image\":{\"@id\":\"https:\\\/\\\/www.chirotorino.it\\\/#\\\/schema\\\/logo\\\/image\\\/\"},\"sameAs\":[\"https:\\\/\\\/www.facebook.com\\\/chirotorino\",\"https:\\\/\\\/x.com\\\/living_optimal\",\"https:\\\/\\\/www.instagram.com\\\/optimal.living\\\/\",\"https:\\\/\\\/www.linkedin.com\\\/company\\\/centro-chiropratico-optimal-living\",\"https:\\\/\\\/www.youtube.com\\\/channel\\\/UCc6GTI2vnvYae4fT82wRapw\"]}]}<\/script>\n<!-- \/ Yoast SEO plugin. -->","yoast_head_json":{"title":"Mal di testa e Emicrania - cause, sintomi, trattamenti comuni, e la cura","description":"Sia che tu usi qualcosa di naturale, o farmaceutico per il mal di testa, si tratta comunque di fattori esterni. Perch\u00e9 non aiutare il tuo corpo a guarire?","robots":{"index":"index","follow":"follow","max-snippet":"max-snippet:-1","max-image-preview":"max-image-preview:large","max-video-preview":"max-video-preview:-1"},"canonical":"https:\/\/www.chirotorino.it\/en\/mal-di-testa\/","og_locale":"en_US","og_type":"article","og_title":"Mal di testa e Emicrania - cause, sintomi, trattamenti comuni, e la cura","og_description":"Sia che tu usi qualcosa di naturale, o farmaceutico per il mal di testa, si tratta comunque di fattori esterni. Perch\u00e9 non aiutare il tuo corpo a guarire?","og_url":"https:\/\/www.chirotorino.it\/en\/mal-di-testa\/","og_site_name":"Studio Chiropratico Optimal Living","article_publisher":"https:\/\/www.facebook.com\/chirotorino","article_modified_time":"2025-11-12T19:32:18+00:00","og_image":[{"width":1920,"height":1511,"url":"https:\/\/www.chirotorino.it\/wp-content\/uploads\/2017\/12\/homeopathy-1063292_1920.jpg","type":"image\/jpeg"}],"twitter_card":"summary_large_image","twitter_site":"@living_optimal","twitter_misc":{"Est. reading time":"6 minutes"},"schema":{"@context":"https:\/\/schema.org","@graph":[{"@type":"WebPage","@id":"https:\/\/www.chirotorino.it\/mal-di-testa\/","url":"https:\/\/www.chirotorino.it\/mal-di-testa\/","name":"Mal di testa e Emicrania - cause, sintomi, trattamenti comuni, e la cura","isPartOf":{"@id":"https:\/\/www.chirotorino.it\/#website"},"primaryImageOfPage":{"@id":"https:\/\/www.chirotorino.it\/mal-di-testa\/#primaryimage"},"image":{"@id":"https:\/\/www.chirotorino.it\/mal-di-testa\/#primaryimage"},"thumbnailUrl":"http:\/\/chirotorino.it\/wp-content\/uploads\/2017\/12\/homeopathy-1063292_1920-300x236.jpg","datePublished":"2017-12-18T11:05:26+00:00","dateModified":"2025-11-12T19:32:18+00:00","description":"Sia che tu usi qualcosa di naturale, o farmaceutico per il mal di testa, si tratta comunque di fattori esterni. Perch\u00e9 non aiutare il tuo corpo a guarire?","breadcrumb":{"@id":"https:\/\/www.chirotorino.it\/mal-di-testa\/#breadcrumb"},"inLanguage":"en-US","potentialAction":[{"@type":"ReadAction","target":["https:\/\/www.chirotorino.it\/mal-di-testa\/"]}]},{"@type":"ImageObject","inLanguage":"en-US","@id":"https:\/\/www.chirotorino.it\/mal-di-testa\/#primaryimage","url":"http:\/\/chirotorino.it\/wp-content\/uploads\/2017\/12\/homeopathy-1063292_1920-300x236.jpg","contentUrl":"http:\/\/chirotorino.it\/wp-content\/uploads\/2017\/12\/homeopathy-1063292_1920-300x236.jpg"},{"@type":"BreadcrumbList","@id":"https:\/\/www.chirotorino.it\/mal-di-testa\/#breadcrumb","itemListElement":[{"@type":"ListItem","position":1,"name":"Home","item":"https:\/\/www.chirotorino.it\/"},{"@type":"ListItem","position":2,"name":"Mal di testa, e emicrania"}]},{"@type":"WebSite","@id":"https:\/\/www.chirotorino.it\/#website","url":"https:\/\/www.chirotorino.it\/","name":"Studio Chiropratico Optimal Living","description":"Specialisti Colonna Vertebrale","publisher":{"@id":"https:\/\/www.chirotorino.it\/#organization"},"potentialAction":[{"@type":"SearchAction","target":{"@type":"EntryPoint","urlTemplate":"https:\/\/www.chirotorino.it\/?s={search_term_string}"},"query-input":{"@type":"PropertyValueSpecification","valueRequired":true,"valueName":"search_term_string"}}],"inLanguage":"en-US"},{"@type":"Organization","@id":"https:\/\/www.chirotorino.it\/#organization","name":"Optimal Living Centro Chiropratico","url":"https:\/\/www.chirotorino.it\/","logo":{"@type":"ImageObject","inLanguage":"en-US","@id":"https:\/\/www.chirotorino.it\/#\/schema\/logo\/image\/","url":"https:\/\/www.chirotorino.it\/wp-content\/uploads\/2017\/02\/Screen-Shot-2017-02-02-at-3.08.11-PM.png","contentUrl":"https:\/\/www.chirotorino.it\/wp-content\/uploads\/2017\/02\/Screen-Shot-2017-02-02-at-3.08.11-PM.png","width":501,"height":550,"caption":"Optimal Living Centro Chiropratico"},"image":{"@id":"https:\/\/www.chirotorino.it\/#\/schema\/logo\/image\/"},"sameAs":["https:\/\/www.facebook.com\/chirotorino","https:\/\/x.com\/living_optimal","https:\/\/www.instagram.com\/optimal.living\/","https:\/\/www.linkedin.com\/company\/centro-chiropratico-optimal-living","https:\/\/www.youtube.com\/channel\/UCc6GTI2vnvYae4fT82wRapw"]}]}},"_links":{"self":[{"href":"https:\/\/www.chirotorino.it\/en\/wp-json\/wp\/v2\/pages\/590","targetHints":{"allow":["GET"]}}],"collection":[{"href":"https:\/\/www.chirotorino.it\/en\/wp-json\/wp\/v2\/pages"}],"about":[{"href":"https:\/\/www.chirotorino.it\/en\/wp-json\/wp\/v2\/types\/page"}],"author":[{"embeddable":true,"href":"https:\/\/www.chirotorino.it\/en\/wp-json\/wp\/v2\/users\/1"}],"replies":[{"embeddable":true,"href":"https:\/\/www.chirotorino.it\/en\/wp-json\/wp\/v2\/comments?post=590"}],"version-history":[{"count":9,"href":"https:\/\/www.chirotorino.it\/en\/wp-json\/wp\/v2\/pages\/590\/revisions"}],"predecessor-version":[{"id":2900,"href":"https:\/\/www.chirotorino.it\/en\/wp-json\/wp\/v2\/pages\/590\/revisions\/2900"}],"wp:attachment":[{"href":"https:\/\/www.chirotorino.it\/en\/wp-json\/wp\/v2\/media?parent=590"}],"curies":[{"name":"wp","href":"https:\/\/api.w.org\/{rel}","templated":true}]}}