{"id":592,"date":"2017-12-06T15:25:44","date_gmt":"2017-12-06T14:25:44","guid":{"rendered":"http:\/\/chirotorino.it\/?page_id=592"},"modified":"2017-12-12T13:20:25","modified_gmt":"2017-12-12T12:20:25","slug":"lombalgia","status":"publish","type":"page","link":"https:\/\/www.chirotorino.it\/en\/lombalgia\/","title":{"rendered":"Lombalgia"},"content":{"rendered":"<div class=\"av-special-heading av-special-heading-h2 blockquote modern-quote avia-builder-el-1 el_after_av_layerslider el_before_av_heading avia-builder-el-first av-inherit-size\">\n<h3><span style=\"font-family: helvetica, arial, sans-serif;\"><b>LA LOMBALGIA<\/b><\/span><\/h3>\n<p><span style=\"font-family: helvetica, arial, sans-serif; font-size: 14pt;\"><span style=\"font-weight: 400;\">La lombalgia pu\u00f2 essere debilitante. La cura chiropratica pu\u00f2 essere la risposta.<\/span><\/span><\/p>\n<\/div>\n<div class=\"av-special-heading av-special-heading-h2 blockquote modern-quote avia-builder-el-1 el_after_av_layerslider el_before_av_heading avia-builder-el-first av-inherit-size\">\n<p><span style=\"font-family: helvetica, arial, sans-serif; font-size: 14pt;\"><span style=\"font-weight: 400;\">Mal di schiena, ernia del disco, artrosi. <\/span><\/span><\/p>\n<p><span style=\"font-weight: 400; font-family: helvetica, arial, sans-serif;\">La colonna vertebrale \u00e8 una struttura incredibile, ed \u00e8 il fondamento del tuo corpo. \u00c8 composta da ossa, dischi, legamenti e nervi. I tendini \/ muscoli si attaccano ad esso ed \u00e8 ci\u00f2 che ti permette adi muoverti, mangiare, lavorare e giocare. La struttura della colonna vertebrale nel suo complesso \u00e8 costruita perfettamente, stabile ma flessibile, e ha la funzione di proteggere il sistema nervoso e ottimizzare il funzionamento del tuo corpo.<\/span><\/p>\n<p><span style=\"font-weight: 400; font-family: helvetica, arial, sans-serif;\">La maggior parte delle persone d\u00e0 per scontate sia la propria salute che la spina dorsale finch\u00e9 qualcosa non va storto.<\/span><\/p>\n<p><span style=\"font-weight: 400; font-family: helvetica, arial, sans-serif;\">Sapevi che si stima che l&#8217;80% della popolazione soffra di mal di schiena a un certo punto della propria vita? \u00c8 la pi\u00f9 grande delle spese sanitarie!<\/span><\/p>\n<p><span style=\"font-family: helvetica, arial, sans-serif;\"><b>Allora quali sono alcuni trattamenti comuni per il mal di schiena?<\/b><\/span><\/p>\n<p><span style=\"font-family: helvetica, arial, sans-serif;\"> <span style=\"font-weight: 400;\">Nella comunit\u00e0 medica, il trattamento standard prevede il rimanere a letto, gli antidolorifici e infine gli antidolorifici pi\u00f9 forti o gli antinfiammatori, come il cortisone, i rilassanti muscolari o persino degli interventi invasivi sulla colonna vertebrale. <\/span><\/span><\/p>\n<p><span style=\"font-weight: 400; font-family: helvetica, arial, sans-serif;\">Tuttavia, la ricerca ha ripetutamente dimostrato che l&#8217;efficacia di questi trattamenti \u00e8 molto bassa e sono solo palliative. Spesso, dopo un intervento lombare, i pazienti hanno una ricorrenza entro 5 anni, di solito peggiore della prima e ancora pi\u00f9 complicata da trattare. <\/span><\/p>\n<p><span style=\"font-weight: 400; font-family: helvetica, arial, sans-serif;\">In effetti, in Nord America e altri paesi le prime linee di trattamento raccomandate sono le correzioni vertebrali e l&#8217;attivit\u00e0 fisica. Naturalmente il tipo di attivit\u00e0 dipende dalla situazione in quanto ciascuno \u00e8 unico.<\/span><\/p>\n<p><span style=\"font-family: helvetica, arial, sans-serif;\"><b>Mal di schiena e traumi<\/b><\/span><\/p>\n<p><span style=\"font-weight: 400; font-family: helvetica, arial, sans-serif;\">Sebbene alcuni pazienti ricordino eventi casuali all&#8217;origine del loro dolore lombare, la maggior parte li dimentica.<\/span><\/p>\n<p><span style=\"font-weight: 400; font-family: helvetica, arial, sans-serif;\">Molti affermano di essersi svegliati un giorno con tale dolore.<\/span><\/p>\n<p><span style=\"font-weight: 400; font-family: helvetica, arial, sans-serif;\">Alcuni sostengono di aver sperimentato l&#8217;insorgenza del dolore lombare tossendo o starnutendo, mentre altri ricordano di averlo fatto in modo acuto eseguendo normali attivit\u00e0 quotidiane come indossare scarpe o fare la doccia.<\/span><\/p>\n<p><span style=\"font-weight: 400; font-family: helvetica, arial, sans-serif;\">Movimenti come questi non dovrebbero causare lesioni a una colonna sana.<\/span><\/p>\n<p><span style=\"font-weight: 400; font-family: helvetica, arial, sans-serif;\">Quando ci\u00f2 accade, potrebbe essere il primo segno di una debolezza cronica di fondo dovuta allo squilibrio della colonna vertebrale.<\/span><\/p>\n<p><span style=\"font-family: helvetica, arial, sans-serif;\"><b>Cura chiropratica e dolore lombare<\/b><\/span><\/p>\n<p><span style=\"font-weight: 400; font-family: helvetica, arial, sans-serif;\">Molti trattamenti si concentrano sulla fascia pi\u00f9 bassa della schiena o regione lombare quando la causa effettiva del problema pu\u00f2 essere nella fascia superiore della colonna vertebrale o nelle articolazioni sottostanti, compresi i fianchi, le ginocchia o le caviglie.<\/span><\/p>\n<p><span style=\"font-weight: 400; font-family: helvetica, arial, sans-serif;\">L&#8217;area superiore della schiena o del collo pu\u00f2 essere uno dei fattori che portano allo sviluppo del dolore lombare per due motivi. Innanzitutto, la colonna vertebrale funziona e si muove come una singola unit\u00e0 continua. Ogni articolazione influenza l\u2019 altro.<\/span><\/p>\n<p><span style=\"font-weight: 400; font-family: helvetica, arial, sans-serif;\">Ora parliamo del rachide cervicale, il suo compito \u00e8 quello di assicurarsi che la nostra testa sia dritta, con i nostri occhi e le orecchie in grado di reagire al nostro ambiente. Le vertebre cervicali hanno dei &#8220;sensori&#8221; che sono responsabili del mantenimento del corretto equilibrio, della postura e dell&#8217;allineamento della testa, del collo e della parte superiore della schiena.<\/span><\/p>\n<p><span style=\"font-weight: 400; font-family: helvetica, arial, sans-serif;\">Quando c&#8217;\u00e8 un disequilibrio di peso, attivit\u00e0 o movimento da una parte o dall&#8217;altra, si pu\u00f2 creare una compensazione o tensione in altre parti della colonna vertebrale.<\/span><\/p>\n<p><span style=\"font-weight: 400; font-family: helvetica, arial, sans-serif;\">Lo stesso vale per gli arti inferiori, che sono le fondamenta su cui viene distribuito il tuo peso.<\/span><\/p>\n<p><span style=\"font-weight: 400; font-family: helvetica, arial, sans-serif;\">In entrambi i casi, la compensazione pu\u00f2 verificarsi in altre parti della catena cinetica e la tensione pu\u00f2 accumularsi. Questa compensazione \u00e8 il tentativo del tuo corpo di proteggere il sistema nervoso al suo interno.<\/span><\/p>\n<p><span style=\"font-weight: 400; font-family: helvetica, arial, sans-serif;\">Tuttavia, se la causa principale non viene corretta, la tensione si accumula e provoca ancora pi\u00f9 reazioni a catena attraverso il resto del corpo. Ad esempio, l&#8217;articolazione sacro-iliaca, un&#8217;articolazione del bacino, pu\u00f2 diventare ipermobile o ipomobile, causando la contrazione o l&#8217;accorciamento di una gamba.<\/span><\/p>\n<p><span style=\"font-family: helvetica, arial, sans-serif;\"><b>Quando la colonna vertebrale \u00e8 allineata, \u00e8 estremamente forte e stabile. E di conseguenza lo sei anche tu.<\/b><\/span><\/p>\n<p><span style=\"font-weight: 400; font-family: helvetica, arial, sans-serif;\">Questa reazione a catena rende i muscoli vertebrali, le ossa e i dischi pi\u00f9 vulnerabili alle lesioni: un&#8217;incidente imminente o normali attivit\u00e0 della vita quotidiana come allacciarsi le scarpe o prendere in braccio il bambino.<\/span><\/p>\n<p><span style=\"font-weight: 400; font-family: helvetica, arial, sans-serif;\">Alla base di tutto questo c&#8217;\u00e8 il sistema nervoso. \u00c8 il sistema nervoso che controlla i muscoli e quanto sono attivi, controlla il modo in cui regolano i movimenti articolari, comunica dove \u00e8 posizionata la testa, comunica anche quando sei stressato e se devi essere in modalit\u00e0 &#8220;lotta o fuga&#8221;.<\/span><\/p>\n<p><span style=\"font-weight: 400; font-family: helvetica, arial, sans-serif;\">Quando il sistema nervoso \u00e8 libero da qualsiasi interferenza, il tuo corpo pu\u00f2 auto-guarire e auto-regolarsi come sa fare.<\/span><\/p>\n<p><span style=\"font-weight: 400; font-family: helvetica, arial, sans-serif;\">\u00c8 qui che entriamo in gioco noi. Come chiropratici siamo esperti nella cura naturale della colonna vertebrale e del sistema nervoso. Aiutiamo il corpo a funzionare perfettamente attraverso il sistema nervoso centrale, la colonna vertebrale e le altre articolazioni.<\/span><\/p>\n<h3><strong><span style=\"font-family: helvetica, arial, sans-serif;\">In poche parole: rimettiamo in connessione il cervello con il corpo.<\/span><\/strong><\/h3>\n<\/div>\n<div class=\"av-special-heading av-special-heading-h4 blockquote modern-quote avia-builder-el-10 el_after_av_textblock el_before_av_textblock\"><\/div>","protected":false},"excerpt":{"rendered":"<p>LA LOMBALGIA La lombalgia pu\u00f2 essere debilitante. La cura chiropratica pu\u00f2 essere la risposta. Mal di schiena, ernia del disco, artrosi. La colonna vertebrale \u00e8 una struttura incredibile, ed \u00e8 il fondamento del tuo corpo. \u00c8 composta da ossa, dischi, legamenti e nervi. I tendini \/ muscoli si attaccano ad esso ed \u00e8 ci\u00f2 che <a href=\"https:\/\/www.chirotorino.it\/en\/lombalgia\/\" rel=\"nofollow\"><span class=\"sr-only\">Read more about Lombalgia<\/span>[&hellip;]<\/a><\/p>","protected":false},"author":1,"featured_media":0,"parent":0,"menu_order":0,"comment_status":"closed","ping_status":"closed","template":"","meta":{"_monsterinsights_skip_tracking":false,"_monsterinsights_sitenote_active":false,"_monsterinsights_sitenote_note":"","_monsterinsights_sitenote_category":0,"footnotes":""},"class_list":["post-592","page","type-page","status-publish","hentry"],"yoast_head":"<!-- This site is optimized with the Yoast SEO plugin v27.4 - https:\/\/yoast.com\/product\/yoast-seo-wordpress\/ -->\n<title>Lombalgia, sciatalgia, e ernia del disco - La cura: Centro Optimal Living<\/title>\n<meta name=\"description\" content=\"La lombalgia pu\u00f2 essere debilitante. La cura chiropratica pu\u00f2 essere la risposta. Se la causa principale non viene corretta, la tensione si accumula.\" \/>\n<meta name=\"robots\" content=\"index, follow, max-snippet:-1, max-image-preview:large, max-video-preview:-1\" \/>\n<link rel=\"canonical\" href=\"https:\/\/www.chirotorino.it\/en\/lombalgia\/\" \/>\n<meta property=\"og:locale\" content=\"en_US\" \/>\n<meta property=\"og:type\" content=\"article\" \/>\n<meta property=\"og:title\" content=\"Lombalgia, sciatalgia, e ernia del disco - La cura: Centro Optimal Living\" \/>\n<meta property=\"og:description\" content=\"La lombalgia pu\u00f2 essere debilitante. La cura chiropratica pu\u00f2 essere la risposta. Se la causa principale non viene corretta, la tensione si accumula.\" \/>\n<meta property=\"og:url\" content=\"https:\/\/www.chirotorino.it\/en\/lombalgia\/\" \/>\n<meta property=\"og:site_name\" content=\"Studio Chiropratico Optimal Living\" \/>\n<meta property=\"article:publisher\" content=\"https:\/\/www.facebook.com\/chirotorino\" \/>\n<meta property=\"article:modified_time\" content=\"2017-12-12T12:20:25+00:00\" \/>\n<meta property=\"og:image\" content=\"http:\/\/chirotorino.it\/wp-content\/uploads\/2016\/01\/Screen-Shot-2016-01-04-at-5.05.33-PM.png\" \/>\n<meta name=\"twitter:card\" content=\"summary_large_image\" \/>\n<meta name=\"twitter:site\" content=\"@living_optimal\" \/>\n<meta name=\"twitter:label1\" content=\"Est. reading time\" \/>\n\t<meta name=\"twitter:data1\" content=\"4 minutes\" \/>\n<script type=\"application\/ld+json\" class=\"yoast-schema-graph\">{\"@context\":\"https:\\\/\\\/schema.org\",\"@graph\":[{\"@type\":\"WebPage\",\"@id\":\"https:\\\/\\\/www.chirotorino.it\\\/lombalgia\\\/\",\"url\":\"https:\\\/\\\/www.chirotorino.it\\\/lombalgia\\\/\",\"name\":\"Lombalgia, sciatalgia, e ernia del disco - La cura: Centro Optimal Living\",\"isPartOf\":{\"@id\":\"https:\\\/\\\/www.chirotorino.it\\\/#website\"},\"datePublished\":\"2017-12-06T14:25:44+00:00\",\"dateModified\":\"2017-12-12T12:20:25+00:00\",\"description\":\"La lombalgia pu\u00f2 essere debilitante. La cura chiropratica pu\u00f2 essere la risposta. Se la causa principale non viene corretta, la tensione si accumula.\",\"breadcrumb\":{\"@id\":\"https:\\\/\\\/www.chirotorino.it\\\/lombalgia\\\/#breadcrumb\"},\"inLanguage\":\"en-US\",\"potentialAction\":[{\"@type\":\"ReadAction\",\"target\":[\"https:\\\/\\\/www.chirotorino.it\\\/lombalgia\\\/\"]}]},{\"@type\":\"BreadcrumbList\",\"@id\":\"https:\\\/\\\/www.chirotorino.it\\\/lombalgia\\\/#breadcrumb\",\"itemListElement\":[{\"@type\":\"ListItem\",\"position\":1,\"name\":\"Home\",\"item\":\"https:\\\/\\\/www.chirotorino.it\\\/\"},{\"@type\":\"ListItem\",\"position\":2,\"name\":\"Lombalgia\"}]},{\"@type\":\"WebSite\",\"@id\":\"https:\\\/\\\/www.chirotorino.it\\\/#website\",\"url\":\"https:\\\/\\\/www.chirotorino.it\\\/\",\"name\":\"Studio Chiropratico Optimal Living\",\"description\":\"Specialisti Colonna Vertebrale\",\"publisher\":{\"@id\":\"https:\\\/\\\/www.chirotorino.it\\\/#organization\"},\"potentialAction\":[{\"@type\":\"SearchAction\",\"target\":{\"@type\":\"EntryPoint\",\"urlTemplate\":\"https:\\\/\\\/www.chirotorino.it\\\/?s={search_term_string}\"},\"query-input\":{\"@type\":\"PropertyValueSpecification\",\"valueRequired\":true,\"valueName\":\"search_term_string\"}}],\"inLanguage\":\"en-US\"},{\"@type\":\"Organization\",\"@id\":\"https:\\\/\\\/www.chirotorino.it\\\/#organization\",\"name\":\"Optimal Living Centro Chiropratico\",\"url\":\"https:\\\/\\\/www.chirotorino.it\\\/\",\"logo\":{\"@type\":\"ImageObject\",\"inLanguage\":\"en-US\",\"@id\":\"https:\\\/\\\/www.chirotorino.it\\\/#\\\/schema\\\/logo\\\/image\\\/\",\"url\":\"https:\\\/\\\/www.chirotorino.it\\\/wp-content\\\/uploads\\\/2017\\\/02\\\/Screen-Shot-2017-02-02-at-3.08.11-PM.png\",\"contentUrl\":\"https:\\\/\\\/www.chirotorino.it\\\/wp-content\\\/uploads\\\/2017\\\/02\\\/Screen-Shot-2017-02-02-at-3.08.11-PM.png\",\"width\":501,\"height\":550,\"caption\":\"Optimal Living Centro Chiropratico\"},\"image\":{\"@id\":\"https:\\\/\\\/www.chirotorino.it\\\/#\\\/schema\\\/logo\\\/image\\\/\"},\"sameAs\":[\"https:\\\/\\\/www.facebook.com\\\/chirotorino\",\"https:\\\/\\\/x.com\\\/living_optimal\",\"https:\\\/\\\/www.instagram.com\\\/optimal.living\\\/\",\"https:\\\/\\\/www.linkedin.com\\\/company\\\/centro-chiropratico-optimal-living\",\"https:\\\/\\\/www.youtube.com\\\/channel\\\/UCc6GTI2vnvYae4fT82wRapw\"]}]}<\/script>\n<!-- \/ Yoast SEO plugin. -->","yoast_head_json":{"title":"Lombalgia, sciatalgia, e ernia del disco - La cura: Centro Optimal Living","description":"La lombalgia pu\u00f2 essere debilitante. La cura chiropratica pu\u00f2 essere la risposta. Se la causa principale non viene corretta, la tensione si accumula.","robots":{"index":"index","follow":"follow","max-snippet":"max-snippet:-1","max-image-preview":"max-image-preview:large","max-video-preview":"max-video-preview:-1"},"canonical":"https:\/\/www.chirotorino.it\/en\/lombalgia\/","og_locale":"en_US","og_type":"article","og_title":"Lombalgia, sciatalgia, e ernia del disco - La cura: Centro Optimal Living","og_description":"La lombalgia pu\u00f2 essere debilitante. La cura chiropratica pu\u00f2 essere la risposta. Se la causa principale non viene corretta, la tensione si accumula.","og_url":"https:\/\/www.chirotorino.it\/en\/lombalgia\/","og_site_name":"Studio Chiropratico Optimal Living","article_publisher":"https:\/\/www.facebook.com\/chirotorino","article_modified_time":"2017-12-12T12:20:25+00:00","og_image":[{"url":"http:\/\/chirotorino.it\/wp-content\/uploads\/2016\/01\/Screen-Shot-2016-01-04-at-5.05.33-PM.png","type":"","width":"","height":""}],"twitter_card":"summary_large_image","twitter_site":"@living_optimal","twitter_misc":{"Est. reading time":"4 minutes"},"schema":{"@context":"https:\/\/schema.org","@graph":[{"@type":"WebPage","@id":"https:\/\/www.chirotorino.it\/lombalgia\/","url":"https:\/\/www.chirotorino.it\/lombalgia\/","name":"Lombalgia, sciatalgia, e ernia del disco - La cura: Centro Optimal Living","isPartOf":{"@id":"https:\/\/www.chirotorino.it\/#website"},"datePublished":"2017-12-06T14:25:44+00:00","dateModified":"2017-12-12T12:20:25+00:00","description":"La lombalgia pu\u00f2 essere debilitante. La cura chiropratica pu\u00f2 essere la risposta. Se la causa principale non viene corretta, la tensione si accumula.","breadcrumb":{"@id":"https:\/\/www.chirotorino.it\/lombalgia\/#breadcrumb"},"inLanguage":"en-US","potentialAction":[{"@type":"ReadAction","target":["https:\/\/www.chirotorino.it\/lombalgia\/"]}]},{"@type":"BreadcrumbList","@id":"https:\/\/www.chirotorino.it\/lombalgia\/#breadcrumb","itemListElement":[{"@type":"ListItem","position":1,"name":"Home","item":"https:\/\/www.chirotorino.it\/"},{"@type":"ListItem","position":2,"name":"Lombalgia"}]},{"@type":"WebSite","@id":"https:\/\/www.chirotorino.it\/#website","url":"https:\/\/www.chirotorino.it\/","name":"Studio Chiropratico Optimal Living","description":"Specialisti Colonna Vertebrale","publisher":{"@id":"https:\/\/www.chirotorino.it\/#organization"},"potentialAction":[{"@type":"SearchAction","target":{"@type":"EntryPoint","urlTemplate":"https:\/\/www.chirotorino.it\/?s={search_term_string}"},"query-input":{"@type":"PropertyValueSpecification","valueRequired":true,"valueName":"search_term_string"}}],"inLanguage":"en-US"},{"@type":"Organization","@id":"https:\/\/www.chirotorino.it\/#organization","name":"Optimal Living Centro Chiropratico","url":"https:\/\/www.chirotorino.it\/","logo":{"@type":"ImageObject","inLanguage":"en-US","@id":"https:\/\/www.chirotorino.it\/#\/schema\/logo\/image\/","url":"https:\/\/www.chirotorino.it\/wp-content\/uploads\/2017\/02\/Screen-Shot-2017-02-02-at-3.08.11-PM.png","contentUrl":"https:\/\/www.chirotorino.it\/wp-content\/uploads\/2017\/02\/Screen-Shot-2017-02-02-at-3.08.11-PM.png","width":501,"height":550,"caption":"Optimal Living Centro Chiropratico"},"image":{"@id":"https:\/\/www.chirotorino.it\/#\/schema\/logo\/image\/"},"sameAs":["https:\/\/www.facebook.com\/chirotorino","https:\/\/x.com\/living_optimal","https:\/\/www.instagram.com\/optimal.living\/","https:\/\/www.linkedin.com\/company\/centro-chiropratico-optimal-living","https:\/\/www.youtube.com\/channel\/UCc6GTI2vnvYae4fT82wRapw"]}]}},"_links":{"self":[{"href":"https:\/\/www.chirotorino.it\/en\/wp-json\/wp\/v2\/pages\/592","targetHints":{"allow":["GET"]}}],"collection":[{"href":"https:\/\/www.chirotorino.it\/en\/wp-json\/wp\/v2\/pages"}],"about":[{"href":"https:\/\/www.chirotorino.it\/en\/wp-json\/wp\/v2\/types\/page"}],"author":[{"embeddable":true,"href":"https:\/\/www.chirotorino.it\/en\/wp-json\/wp\/v2\/users\/1"}],"replies":[{"embeddable":true,"href":"https:\/\/www.chirotorino.it\/en\/wp-json\/wp\/v2\/comments?post=592"}],"version-history":[{"count":4,"href":"https:\/\/www.chirotorino.it\/en\/wp-json\/wp\/v2\/pages\/592\/revisions"}],"predecessor-version":[{"id":632,"href":"https:\/\/www.chirotorino.it\/en\/wp-json\/wp\/v2\/pages\/592\/revisions\/632"}],"wp:attachment":[{"href":"https:\/\/www.chirotorino.it\/en\/wp-json\/wp\/v2\/media?parent=592"}],"curies":[{"name":"wp","href":"https:\/\/api.w.org\/{rel}","templated":true}]}}