{"id":728,"date":"2018-01-15T13:00:08","date_gmt":"2018-01-15T12:00:08","guid":{"rendered":"http:\/\/chirotorino.it\/?page_id=728"},"modified":"2021-05-03T13:08:16","modified_gmt":"2021-05-03T11:08:16","slug":"disturbi-digestivi","status":"publish","type":"page","link":"https:\/\/www.chirotorino.it\/en\/disturbi-digestivi\/","title":{"rendered":"Disturbi Digestivi"},"content":{"rendered":"<p><b>Stitichezza e dissenteria<\/b><\/p>\n<p><span style=\"font-weight: 400;\">S\u00ec, sono l&#8217;una il problema opposto dell&#8217;altra, ma sono anche abbastanza simili. I problemi digestivi possono essere l&#8217;occasionale attacco di stitichezza o dissenteria, che pu\u00f2 quindi diventare un problema regolare e ciclico chiamato <\/span><i><span style=\"font-weight: 400;\">sindrome dell&#8217;intestino irritabile<\/span><\/i><span style=\"font-weight: 400;\">. Oppure, man mano che i problemi si sviluppano ulteriormente, le condizioni pi\u00f9 comuni includono la malattia di Chron, la colite ulcerosa o le frequenti emorroidi da duro sforzo. Il problema comune in tutti questi disturbi digestivi \u00e8 la stimolazione o il controllo improprio dell&#8217;intestino o del colon. Il sistema nervoso \u00e8 sbilanciato.<\/span><span style=\"font-weight: 400;\"><br \/>\n<\/span><span style=\"font-weight: 400;\"><br \/>\n<\/span><span style=\"font-weight: 400;\">Per molte persone, la digestione e l&#8217;evacuazione sono un processo naturale e automatico, \u00a0non sono un pensiero cosciente. Il sistema nervoso lo controlla. Ti dice quando l&#8217;intestino deve far passare la materia. Altri, invece, pensano che tutto funzioni bene se prendono un &#8220;digestivo&#8221; o un caff\u00e8 per far funzionare le cose. E poi ci sono quelli che hanno disturbi digestivi cronici (e spesso si tratta di persone convertite da membri di lunga data della categoria &#8220;digestivo \/ caff\u00e8&#8221;). Ma vediamo meglio di cosa si tratta.<\/span><\/p>\n<p><b>Trattamenti comuni<\/b><\/p>\n<p><span style=\"font-weight: 400;\"><a href=\"http:\/\/chirotorino.it\/wp-content\/uploads\/2018\/01\/surgery-1662204_1920-e1516024661713.jpg\"><img loading=\"lazy\" decoding=\"async\" class=\"alignleft  wp-image-731\" src=\"http:\/\/chirotorino.it\/wp-content\/uploads\/2018\/01\/surgery-1662204_1920-e1516024661713-1024x686.jpg\" alt=\"cura\" width=\"279\" height=\"187\" srcset=\"https:\/\/www.chirotorino.it\/wp-content\/uploads\/2018\/01\/surgery-1662204_1920-e1516024661713-1024x686.jpg 1024w, https:\/\/www.chirotorino.it\/wp-content\/uploads\/2018\/01\/surgery-1662204_1920-e1516024661713-300x201.jpg 300w, https:\/\/www.chirotorino.it\/wp-content\/uploads\/2018\/01\/surgery-1662204_1920-e1516024661713-768x514.jpg 768w, https:\/\/www.chirotorino.it\/wp-content\/uploads\/2018\/01\/surgery-1662204_1920-e1516024661713-750x500.jpg 750w, https:\/\/www.chirotorino.it\/wp-content\/uploads\/2018\/01\/surgery-1662204_1920-e1516024661713.jpg 1598w\" sizes=\"auto, (max-width: 279px) 100vw, 279px\" \/><\/a>Molte persone che soffrono di disturbi digestivi cercano di trattare i sintomi con medicinali da banco. Man mano che diventano inefficaci, si rivolgono ai farmaci. Inoltre, molti potrebbero consigliare un intervento chirurgico, che in genere comporta la riparazione o la rimozione di una parte del tubo digerente.<\/span><\/p>\n<p><span style=\"font-weight: 400;\">Tuttavia, il tuo corpo \u00e8 progettato perfettamente e la rimozione di parti di esso ha effetti a monte o a valle. Se si fanno pressioni sulle altre parti del sistema, alla fine possono ottenere altre complicazioni o effetti collaterali<\/span><\/p>\n<p><span style=\"font-weight: 400;\">La dieta: s\u00ec, \u00e8 la prima cosa che tutti noi guardiamo e gioca un ruolo vitale.<a href=\"http:\/\/chirotorino.it\/wp-content\/uploads\/2018\/01\/detox-1995433_1920.jpg\"><img loading=\"lazy\" decoding=\"async\" class=\"size-medium wp-image-730 alignright\" src=\"http:\/\/chirotorino.it\/wp-content\/uploads\/2018\/01\/detox-1995433_1920-300x225.jpg\" alt=\"problemi digestivi\" width=\"300\" height=\"225\" srcset=\"https:\/\/www.chirotorino.it\/wp-content\/uploads\/2018\/01\/detox-1995433_1920-300x225.jpg 300w, https:\/\/www.chirotorino.it\/wp-content\/uploads\/2018\/01\/detox-1995433_1920-768x576.jpg 768w, https:\/\/www.chirotorino.it\/wp-content\/uploads\/2018\/01\/detox-1995433_1920-1024x768.jpg 1024w, https:\/\/www.chirotorino.it\/wp-content\/uploads\/2018\/01\/detox-1995433_1920-285x214.jpg 285w, https:\/\/www.chirotorino.it\/wp-content\/uploads\/2018\/01\/detox-1995433_1920.jpg 1920w\" sizes=\"auto, (max-width: 300px) 100vw, 300px\" \/><\/a> Molte persone spesso scoprono che sono sensibili o intolleranti a certi alimenti. Lattosio\/latticini, glutine, caff\u00e8, peperoncino, peperoni, frutta secca, le abbiamo sentite tutte. Spesso queste persone evitano di mangiare uno specifico alimento, e i sintomi spariscono per qualche mese o pi\u00f9. Ma poi i sintomi si ripresentano in modo naturale, la dieta viene analizzata di nuovo e un atro alimento viene eliminato. Ma attenzione, come mai sei stato in grado di digerire i latticini per tutta la tua vita, e ora non riesci pi\u00f9? Cosa \u00e8 cambiato? Il tuo sistema digestivo. Il modo in cui abbatti e metabolizzi il cibo. Il pi\u00f9 delle volte il problema \u00e8 molto pi\u00f9 radicato rispetto ai cibi che immettiamo nei nostri corpi. <\/span><\/p>\n<p><span style=\"font-weight: 400;\">Invece di attribuire la colpa a fattori esterni, sarebbe una buona idea dare uno sguardo introspettivo al nostro corpo e imparare a ottimizzarlo.<\/span><\/p>\n<p><b><br \/>\n<\/b><b>Il sistema digestivo e la sua connessione alla colonna vertebrale<\/b><\/p>\n<p><span style=\"font-weight: 400;\"><a href=\"http:\/\/chirotorino.it\/wp-content\/uploads\/2018\/01\/digestion-303364_1280.png\"><img loading=\"lazy\" decoding=\"async\" class=\"alignleft size-medium wp-image-732\" src=\"http:\/\/chirotorino.it\/wp-content\/uploads\/2018\/01\/digestion-303364_1280-209x300.png\" alt=\"intestino\" width=\"209\" height=\"300\" srcset=\"https:\/\/www.chirotorino.it\/wp-content\/uploads\/2018\/01\/digestion-303364_1280-209x300.png 209w, https:\/\/www.chirotorino.it\/wp-content\/uploads\/2018\/01\/digestion-303364_1280-768x1101.png 768w, https:\/\/www.chirotorino.it\/wp-content\/uploads\/2018\/01\/digestion-303364_1280-714x1024.png 714w, https:\/\/www.chirotorino.it\/wp-content\/uploads\/2018\/01\/digestion-303364_1280.png 893w\" sizes=\"auto, (max-width: 209px) 100vw, 209px\" \/><\/a>Il sistema digestivo \u00e8 direttamente connesso alla colonna vertebrale tramite I nervi.<\/span><\/p>\n<p><span style=\"font-weight: 400;\">In particolare, l&#8217;area che va dalla parte centrale della schiena alla parte bassa della schiena \u00e8 il punto in cui si incontrano tutti i principali nervi che controllano gli organi digestivi, lo stomaco, l&#8217;intestino e il colon. Tali organi digestivi funzionano tutti in base ai messaggi che ricevono tramite i nervi. Funziona come un telefono senza fili , con milioni di cellule, poste in fila indiana lungo i nervi, ed esse ricevono e trasmettono i messaggi dal cervello\/colonna vertebrale al corpo. Infine il messaggio viene ricevuto dalle cellule dell&#8217;organo, prendiamo ad esempio l&#8217;intestino. L&#8217;intestino \u00e8 pieno di enzimi per la digestione del cibo, assorbe i nutrienti e successivamente elimina le sostanze di rifiuto. Il sistema digestivo per avere tutti gli enzimi nella giusta quantit\u00e0 deve ricevere questi messaggi provenienti dal cervello in maniera corretta. Inoltre, ha bisogno di avere un corretto controllo muscolare per eliminare le sostanze di rifiuto a una velocit\u00e0 tale da permettere al corpo di assorbire i nutrienti ed eliminare le tossine.<\/span><\/p>\n<p><span style=\"font-weight: 400;\">La ricerca ha dimostrato che il malfunzionamento del sistema nervoso autonomo pu\u00f2 causare disturbi nella digestione. Tali disturbi possono comprendere la stitichezza, il reflusso gastrico, il bruciore di stomaco, la dissenteria o la sindrome dell&#8217;intestino irritabile (con stitichezza e dissenteria a periodi alterni), per elencarne alcuni. Tuttavia, questa lista descrive solo i sintomi sperimentati. Alla base di questi problemi c&#8217;\u00e8 il modo in cui l&#8217;apparato digerente viene sovra o sotto stimolato. <\/span><\/p>\n<p><span style=\"font-weight: 400;\">Per consultare un dottore presso il centro <\/span><i><span style=\"font-weight: 400;\">Optimal Living<\/span><\/i><span style=\"font-weight: 400;\"> per la colonna vertebrale e il sistema nervoso, si prega di chiamare il numero <a href=\"tel:320%20886%208636\">320.886.86.36<\/a> e provvederemo alla prima visita.<\/span><\/p>","protected":false},"excerpt":{"rendered":"<p>Stitichezza e dissenteria S\u00ec, sono l&#8217;una il problema opposto dell&#8217;altra, ma sono anche abbastanza simili. I problemi digestivi possono essere l&#8217;occasionale attacco di stitichezza o dissenteria, che pu\u00f2 quindi diventare un problema regolare e ciclico chiamato sindrome dell&#8217;intestino irritabile. Oppure, man mano che i problemi si sviluppano ulteriormente, le condizioni pi\u00f9 comuni includono la malattia <a href=\"https:\/\/www.chirotorino.it\/en\/disturbi-digestivi\/\" rel=\"nofollow\"><span class=\"sr-only\">Read more about Disturbi Digestivi<\/span>[&hellip;]<\/a><\/p>","protected":false},"author":1,"featured_media":0,"parent":0,"menu_order":0,"comment_status":"closed","ping_status":"closed","template":"","meta":{"_monsterinsights_skip_tracking":false,"_monsterinsights_sitenote_active":false,"_monsterinsights_sitenote_note":"","_monsterinsights_sitenote_category":0,"footnotes":""},"class_list":["post-728","page","type-page","status-publish","hentry"],"yoast_head":"<!-- This site is optimized with the Yoast SEO plugin v27.4 - https:\/\/yoast.com\/product\/yoast-seo-wordpress\/ -->\n<title>Disturbi Digestivi - Simtomi, Cause, e Trattamenti - Centro Optimal Living<\/title>\n<meta name=\"description\" content=\"Il problema comune in tutti questi disturbi digestivi \u00e8 la stimolazione o il controllo improprio dell&#039;intestino o del colon.\" \/>\n<meta name=\"robots\" content=\"index, follow, max-snippet:-1, max-image-preview:large, max-video-preview:-1\" \/>\n<link rel=\"canonical\" href=\"https:\/\/www.chirotorino.it\/en\/disturbi-digestivi\/\" \/>\n<meta property=\"og:locale\" content=\"en_US\" \/>\n<meta property=\"og:type\" content=\"article\" \/>\n<meta property=\"og:title\" content=\"Disturbi Digestivi - Simtomi, Cause, e Trattamenti - Centro Optimal Living\" \/>\n<meta property=\"og:description\" content=\"Il problema comune in tutti questi disturbi digestivi \u00e8 la stimolazione o il controllo improprio dell&#039;intestino o del colon.\" \/>\n<meta property=\"og:url\" content=\"https:\/\/www.chirotorino.it\/en\/disturbi-digestivi\/\" \/>\n<meta property=\"og:site_name\" content=\"Studio Chiropratico Optimal Living\" \/>\n<meta property=\"article:publisher\" content=\"https:\/\/www.facebook.com\/chirotorino\" \/>\n<meta property=\"article:modified_time\" content=\"2021-05-03T11:08:16+00:00\" \/>\n<meta property=\"og:image\" content=\"http:\/\/chirotorino.it\/wp-content\/uploads\/2018\/01\/surgery-1662204_1920-e1516024661713-1024x686.jpg\" \/>\n<meta name=\"twitter:card\" content=\"summary_large_image\" \/>\n<meta name=\"twitter:site\" content=\"@living_optimal\" \/>\n<meta name=\"twitter:label1\" content=\"Est. reading time\" \/>\n\t<meta name=\"twitter:data1\" content=\"3 minutes\" \/>\n<script type=\"application\/ld+json\" class=\"yoast-schema-graph\">{\"@context\":\"https:\\\/\\\/schema.org\",\"@graph\":[{\"@type\":\"WebPage\",\"@id\":\"https:\\\/\\\/www.chirotorino.it\\\/disturbi-digestivi\\\/\",\"url\":\"https:\\\/\\\/www.chirotorino.it\\\/disturbi-digestivi\\\/\",\"name\":\"Disturbi Digestivi - Simtomi, Cause, e Trattamenti - Centro Optimal Living\",\"isPartOf\":{\"@id\":\"https:\\\/\\\/www.chirotorino.it\\\/#website\"},\"primaryImageOfPage\":{\"@id\":\"https:\\\/\\\/www.chirotorino.it\\\/disturbi-digestivi\\\/#primaryimage\"},\"image\":{\"@id\":\"https:\\\/\\\/www.chirotorino.it\\\/disturbi-digestivi\\\/#primaryimage\"},\"thumbnailUrl\":\"http:\\\/\\\/chirotorino.it\\\/wp-content\\\/uploads\\\/2018\\\/01\\\/surgery-1662204_1920-e1516024661713-1024x686.jpg\",\"datePublished\":\"2018-01-15T12:00:08+00:00\",\"dateModified\":\"2021-05-03T11:08:16+00:00\",\"description\":\"Il problema comune in tutti questi disturbi digestivi \u00e8 la stimolazione o il controllo improprio dell'intestino o del colon.\",\"breadcrumb\":{\"@id\":\"https:\\\/\\\/www.chirotorino.it\\\/disturbi-digestivi\\\/#breadcrumb\"},\"inLanguage\":\"en-US\",\"potentialAction\":[{\"@type\":\"ReadAction\",\"target\":[\"https:\\\/\\\/www.chirotorino.it\\\/disturbi-digestivi\\\/\"]}]},{\"@type\":\"ImageObject\",\"inLanguage\":\"en-US\",\"@id\":\"https:\\\/\\\/www.chirotorino.it\\\/disturbi-digestivi\\\/#primaryimage\",\"url\":\"http:\\\/\\\/chirotorino.it\\\/wp-content\\\/uploads\\\/2018\\\/01\\\/surgery-1662204_1920-e1516024661713-1024x686.jpg\",\"contentUrl\":\"http:\\\/\\\/chirotorino.it\\\/wp-content\\\/uploads\\\/2018\\\/01\\\/surgery-1662204_1920-e1516024661713-1024x686.jpg\"},{\"@type\":\"BreadcrumbList\",\"@id\":\"https:\\\/\\\/www.chirotorino.it\\\/disturbi-digestivi\\\/#breadcrumb\",\"itemListElement\":[{\"@type\":\"ListItem\",\"position\":1,\"name\":\"Home\",\"item\":\"https:\\\/\\\/www.chirotorino.it\\\/\"},{\"@type\":\"ListItem\",\"position\":2,\"name\":\"Disturbi Digestivi\"}]},{\"@type\":\"WebSite\",\"@id\":\"https:\\\/\\\/www.chirotorino.it\\\/#website\",\"url\":\"https:\\\/\\\/www.chirotorino.it\\\/\",\"name\":\"Studio Chiropratico Optimal Living\",\"description\":\"Specialisti Colonna Vertebrale\",\"publisher\":{\"@id\":\"https:\\\/\\\/www.chirotorino.it\\\/#organization\"},\"potentialAction\":[{\"@type\":\"SearchAction\",\"target\":{\"@type\":\"EntryPoint\",\"urlTemplate\":\"https:\\\/\\\/www.chirotorino.it\\\/?s={search_term_string}\"},\"query-input\":{\"@type\":\"PropertyValueSpecification\",\"valueRequired\":true,\"valueName\":\"search_term_string\"}}],\"inLanguage\":\"en-US\"},{\"@type\":\"Organization\",\"@id\":\"https:\\\/\\\/www.chirotorino.it\\\/#organization\",\"name\":\"Optimal Living Centro Chiropratico\",\"url\":\"https:\\\/\\\/www.chirotorino.it\\\/\",\"logo\":{\"@type\":\"ImageObject\",\"inLanguage\":\"en-US\",\"@id\":\"https:\\\/\\\/www.chirotorino.it\\\/#\\\/schema\\\/logo\\\/image\\\/\",\"url\":\"https:\\\/\\\/www.chirotorino.it\\\/wp-content\\\/uploads\\\/2017\\\/02\\\/Screen-Shot-2017-02-02-at-3.08.11-PM.png\",\"contentUrl\":\"https:\\\/\\\/www.chirotorino.it\\\/wp-content\\\/uploads\\\/2017\\\/02\\\/Screen-Shot-2017-02-02-at-3.08.11-PM.png\",\"width\":501,\"height\":550,\"caption\":\"Optimal Living Centro Chiropratico\"},\"image\":{\"@id\":\"https:\\\/\\\/www.chirotorino.it\\\/#\\\/schema\\\/logo\\\/image\\\/\"},\"sameAs\":[\"https:\\\/\\\/www.facebook.com\\\/chirotorino\",\"https:\\\/\\\/x.com\\\/living_optimal\",\"https:\\\/\\\/www.instagram.com\\\/optimal.living\\\/\",\"https:\\\/\\\/www.linkedin.com\\\/company\\\/centro-chiropratico-optimal-living\",\"https:\\\/\\\/www.youtube.com\\\/channel\\\/UCc6GTI2vnvYae4fT82wRapw\"]}]}<\/script>\n<!-- \/ Yoast SEO plugin. -->","yoast_head_json":{"title":"Disturbi Digestivi - Simtomi, Cause, e Trattamenti - Centro Optimal Living","description":"Il problema comune in tutti questi disturbi digestivi \u00e8 la stimolazione o il controllo improprio dell'intestino o del colon.","robots":{"index":"index","follow":"follow","max-snippet":"max-snippet:-1","max-image-preview":"max-image-preview:large","max-video-preview":"max-video-preview:-1"},"canonical":"https:\/\/www.chirotorino.it\/en\/disturbi-digestivi\/","og_locale":"en_US","og_type":"article","og_title":"Disturbi Digestivi - Simtomi, Cause, e Trattamenti - Centro Optimal Living","og_description":"Il problema comune in tutti questi disturbi digestivi \u00e8 la stimolazione o il controllo improprio dell'intestino o del colon.","og_url":"https:\/\/www.chirotorino.it\/en\/disturbi-digestivi\/","og_site_name":"Studio Chiropratico Optimal Living","article_publisher":"https:\/\/www.facebook.com\/chirotorino","article_modified_time":"2021-05-03T11:08:16+00:00","og_image":[{"url":"http:\/\/chirotorino.it\/wp-content\/uploads\/2018\/01\/surgery-1662204_1920-e1516024661713-1024x686.jpg","type":"","width":"","height":""}],"twitter_card":"summary_large_image","twitter_site":"@living_optimal","twitter_misc":{"Est. reading time":"3 minutes"},"schema":{"@context":"https:\/\/schema.org","@graph":[{"@type":"WebPage","@id":"https:\/\/www.chirotorino.it\/disturbi-digestivi\/","url":"https:\/\/www.chirotorino.it\/disturbi-digestivi\/","name":"Disturbi Digestivi - Simtomi, Cause, e Trattamenti - Centro Optimal Living","isPartOf":{"@id":"https:\/\/www.chirotorino.it\/#website"},"primaryImageOfPage":{"@id":"https:\/\/www.chirotorino.it\/disturbi-digestivi\/#primaryimage"},"image":{"@id":"https:\/\/www.chirotorino.it\/disturbi-digestivi\/#primaryimage"},"thumbnailUrl":"http:\/\/chirotorino.it\/wp-content\/uploads\/2018\/01\/surgery-1662204_1920-e1516024661713-1024x686.jpg","datePublished":"2018-01-15T12:00:08+00:00","dateModified":"2021-05-03T11:08:16+00:00","description":"Il problema comune in tutti questi disturbi digestivi \u00e8 la stimolazione o il controllo improprio dell'intestino o del colon.","breadcrumb":{"@id":"https:\/\/www.chirotorino.it\/disturbi-digestivi\/#breadcrumb"},"inLanguage":"en-US","potentialAction":[{"@type":"ReadAction","target":["https:\/\/www.chirotorino.it\/disturbi-digestivi\/"]}]},{"@type":"ImageObject","inLanguage":"en-US","@id":"https:\/\/www.chirotorino.it\/disturbi-digestivi\/#primaryimage","url":"http:\/\/chirotorino.it\/wp-content\/uploads\/2018\/01\/surgery-1662204_1920-e1516024661713-1024x686.jpg","contentUrl":"http:\/\/chirotorino.it\/wp-content\/uploads\/2018\/01\/surgery-1662204_1920-e1516024661713-1024x686.jpg"},{"@type":"BreadcrumbList","@id":"https:\/\/www.chirotorino.it\/disturbi-digestivi\/#breadcrumb","itemListElement":[{"@type":"ListItem","position":1,"name":"Home","item":"https:\/\/www.chirotorino.it\/"},{"@type":"ListItem","position":2,"name":"Disturbi Digestivi"}]},{"@type":"WebSite","@id":"https:\/\/www.chirotorino.it\/#website","url":"https:\/\/www.chirotorino.it\/","name":"Studio Chiropratico Optimal Living","description":"Specialisti Colonna Vertebrale","publisher":{"@id":"https:\/\/www.chirotorino.it\/#organization"},"potentialAction":[{"@type":"SearchAction","target":{"@type":"EntryPoint","urlTemplate":"https:\/\/www.chirotorino.it\/?s={search_term_string}"},"query-input":{"@type":"PropertyValueSpecification","valueRequired":true,"valueName":"search_term_string"}}],"inLanguage":"en-US"},{"@type":"Organization","@id":"https:\/\/www.chirotorino.it\/#organization","name":"Optimal Living Centro Chiropratico","url":"https:\/\/www.chirotorino.it\/","logo":{"@type":"ImageObject","inLanguage":"en-US","@id":"https:\/\/www.chirotorino.it\/#\/schema\/logo\/image\/","url":"https:\/\/www.chirotorino.it\/wp-content\/uploads\/2017\/02\/Screen-Shot-2017-02-02-at-3.08.11-PM.png","contentUrl":"https:\/\/www.chirotorino.it\/wp-content\/uploads\/2017\/02\/Screen-Shot-2017-02-02-at-3.08.11-PM.png","width":501,"height":550,"caption":"Optimal Living Centro Chiropratico"},"image":{"@id":"https:\/\/www.chirotorino.it\/#\/schema\/logo\/image\/"},"sameAs":["https:\/\/www.facebook.com\/chirotorino","https:\/\/x.com\/living_optimal","https:\/\/www.instagram.com\/optimal.living\/","https:\/\/www.linkedin.com\/company\/centro-chiropratico-optimal-living","https:\/\/www.youtube.com\/channel\/UCc6GTI2vnvYae4fT82wRapw"]}]}},"_links":{"self":[{"href":"https:\/\/www.chirotorino.it\/en\/wp-json\/wp\/v2\/pages\/728","targetHints":{"allow":["GET"]}}],"collection":[{"href":"https:\/\/www.chirotorino.it\/en\/wp-json\/wp\/v2\/pages"}],"about":[{"href":"https:\/\/www.chirotorino.it\/en\/wp-json\/wp\/v2\/types\/page"}],"author":[{"embeddable":true,"href":"https:\/\/www.chirotorino.it\/en\/wp-json\/wp\/v2\/users\/1"}],"replies":[{"embeddable":true,"href":"https:\/\/www.chirotorino.it\/en\/wp-json\/wp\/v2\/comments?post=728"}],"version-history":[{"count":3,"href":"https:\/\/www.chirotorino.it\/en\/wp-json\/wp\/v2\/pages\/728\/revisions"}],"predecessor-version":[{"id":1133,"href":"https:\/\/www.chirotorino.it\/en\/wp-json\/wp\/v2\/pages\/728\/revisions\/1133"}],"wp:attachment":[{"href":"https:\/\/www.chirotorino.it\/en\/wp-json\/wp\/v2\/media?parent=728"}],"curies":[{"name":"wp","href":"https:\/\/api.w.org\/{rel}","templated":true}]}}